{"id":543,"date":"2017-06-08T17:00:42","date_gmt":"2017-06-08T15:00:42","guid":{"rendered":"http:\/\/kirche-hahn.de\/wordpress\/?page_id=543"},"modified":"2021-04-24T10:13:19","modified_gmt":"2021-04-24T09:13:19","slug":"betreuungsmodelle-und-preise","status":"publish","type":"page","link":"https:\/\/kirche-hahn.de\/wordpress\/betreuungsmodelle-und-preise\/","title":{"rendered":"Betreuungsmodelle und Preise"},"content":{"rendered":"<h4><span style=\"color: #572381;\">Die Betreuungszeiten der <\/span><span style=\"color: #572381;\">KiTa<\/span><\/h4>\n<p>Unsere Kindertagesst\u00e4tte ist von 7.00 Uhr bis 16.00 Uhr ge\u00f6ffnet.<br \/>\nSie bietet 2 Platzformen an: mit Mittagessen (9 Stunden) oder ohne Mittagessen (7,5 Stunden).<\/p>\n<h4><span style=\"color: #572381;\"><img data-recalc-dims=\"1\" loading=\"lazy\" decoding=\"async\" class=\"alignright wp-image-701 size-thumbnail\" src=\"https:\/\/i0.wp.com\/kirche-hahn.de\/wordpress\/wp-content\/uploads\/2017\/06\/LOGO-EVKG-HAHN-KITA2_RGB-72DPI.jpg?resize=150%2C150&#038;ssl=1\" alt=\"\" width=\"150\" height=\"150\" srcset=\"https:\/\/i0.wp.com\/kirche-hahn.de\/wordpress\/wp-content\/uploads\/2017\/06\/LOGO-EVKG-HAHN-KITA2_RGB-72DPI.jpg?resize=150%2C150&amp;ssl=1 150w, https:\/\/i0.wp.com\/kirche-hahn.de\/wordpress\/wp-content\/uploads\/2017\/06\/LOGO-EVKG-HAHN-KITA2_RGB-72DPI.jpg?resize=90%2C90&amp;ssl=1 90w, https:\/\/i0.wp.com\/kirche-hahn.de\/wordpress\/wp-content\/uploads\/2017\/06\/LOGO-EVKG-HAHN-KITA2_RGB-72DPI.jpg?resize=75%2C75&amp;ssl=1 75w, https:\/\/i0.wp.com\/kirche-hahn.de\/wordpress\/wp-content\/uploads\/2017\/06\/LOGO-EVKG-HAHN-KITA2_RGB-72DPI.jpg?zoom=2&amp;resize=150%2C150&amp;ssl=1 300w, https:\/\/i0.wp.com\/kirche-hahn.de\/wordpress\/wp-content\/uploads\/2017\/06\/LOGO-EVKG-HAHN-KITA2_RGB-72DPI.jpg?zoom=3&amp;resize=150%2C150&amp;ssl=1 450w\" sizes=\"auto, (max-width: 150px) 100vw, 150px\" \/>Die Kosten<\/span><\/h4>\n<p>Die Geb\u00fchrenberechnung basiert auf der Geb\u00fchrenordnung der Stadt Pfungstadt, g\u00fcltig ab dem 1.8.2018.<\/p>\n<p>Seit dem 1. August 2018 \u00fcbernimmt das Land Hessen die Geb\u00fchren f\u00fcr 6 Betreuungsstunden f\u00fcr Kinder ab 3 Jahren ergeben. Alle Stunden dar\u00fcberhinaus sowie die Kosten f\u00fcr Mittagessen, Fr\u00fchst\u00fcck, Bastelmaterial u. \u00e4. bezahlen die Eltern bzw. Sorgeberechtigten. Die Betreuungskosten im Kindergarten sind nicht mehr einkommensabh\u00e4ngig.<\/p>\n<p>Daraus ergibt sich folgende <a href=\"https:\/\/kirche-hahn.de\/wordpress\/wp-content\/uploads\/2018\/09\/Geb\u00fchrensatzung-und-Nutzungsmodelle-KiTa-08-2018.pdf\" target=\"_blank\" rel=\"noopener noreferrer\"><strong>Geb\u00fchrenordnung<\/strong> im \u00dc3-Bereich<\/a>.<\/p>\n<hr \/>\n<hr \/>\n<h4><\/h4>\n<h4><span style=\"color: #572381;\">Betreuungszeiten der Krippe<img data-recalc-dims=\"1\" loading=\"lazy\" decoding=\"async\" class=\"alignright wp-image-701 size-thumbnail\" src=\"https:\/\/i0.wp.com\/kirche-hahn.de\/wordpress\/wp-content\/uploads\/2017\/06\/LOGO-EVKG-HAHN-KITA2_RGB-72DPI.jpg?resize=150%2C150&#038;ssl=1\" alt=\"\" width=\"150\" height=\"150\" srcset=\"https:\/\/i0.wp.com\/kirche-hahn.de\/wordpress\/wp-content\/uploads\/2017\/06\/LOGO-EVKG-HAHN-KITA2_RGB-72DPI.jpg?resize=150%2C150&amp;ssl=1 150w, https:\/\/i0.wp.com\/kirche-hahn.de\/wordpress\/wp-content\/uploads\/2017\/06\/LOGO-EVKG-HAHN-KITA2_RGB-72DPI.jpg?resize=90%2C90&amp;ssl=1 90w, https:\/\/i0.wp.com\/kirche-hahn.de\/wordpress\/wp-content\/uploads\/2017\/06\/LOGO-EVKG-HAHN-KITA2_RGB-72DPI.jpg?resize=75%2C75&amp;ssl=1 75w, https:\/\/i0.wp.com\/kirche-hahn.de\/wordpress\/wp-content\/uploads\/2017\/06\/LOGO-EVKG-HAHN-KITA2_RGB-72DPI.jpg?zoom=2&amp;resize=150%2C150&amp;ssl=1 300w, https:\/\/i0.wp.com\/kirche-hahn.de\/wordpress\/wp-content\/uploads\/2017\/06\/LOGO-EVKG-HAHN-KITA2_RGB-72DPI.jpg?zoom=3&amp;resize=150%2C150&amp;ssl=1 450w\" sizes=\"auto, (max-width: 150px) 100vw, 150px\" \/><\/span><\/h4>\n<p>Die Krippe bietet eine Betreuungszeit von 7.00 Uhr bis 15.00 Uhr.<\/p>\n<h4><span style=\"color: #572381;\">Die Kosten<\/span><\/h4>\n<p>Die Geb\u00fchrenberechnung basiert auf der Geb\u00fchrenordnung der Stadt Pfungstadt, g\u00fcltig ab dem 1.1.2018.<\/p>\n<p><strong>Berechnung der Geb\u00fchren<\/strong><\/p>\n<p>Der Betreuungsbeitrag setzt sich zusammen aus einem<br \/>\n&#8211; Sockelbetrag, der je nach Familieneinkommen in 5 Betr\u00e4ge gestaffelt ist,<br \/>\n&#8211; dem Preis f\u00fcr die gebuchten Betreuungsstunden an 1 Tag,<br \/>\n&#8211; dem Mittagessen (2,50 \u20ac\/Tag=50,- \u20ac\/Monat)<br \/>\n&#8211; sowie der Gemeinkostenpauschale* (18,20 \u20ac).<\/p>\n<p>Dazu kommt\u00a0ein monatlicher Beitrag f\u00fcr Bastelmaterial, Getr\u00e4nke, Reinigungsmaterial o. \u00e4. in H\u00f6he von 7,-\u20ac \u201esonstige Geb\u00fchren&#8220; und das Fr\u00fchst\u00fccksgeld (s.u.)<\/p>\n<p>Daraus ergibt sich folgende <a href=\"https:\/\/kirche-hahn.de\/wordpress\/wp-content\/uploads\/2019\/04\/Geb\u00fchrensatzung-und-Nutzungsmodelle-Krippe-08-2018.pdf\" target=\"_blank\" rel=\"noopener noreferrer\"><strong>Geb\u00fchrenordnung im Krippenbereich<\/strong><\/a>.<\/p>\n<hr \/>\n<p>&nbsp;<\/p>\n","protected":false},"excerpt":{"rendered":"<p>Die Betreuungszeiten der KiTa Unsere Kindertagesst\u00e4tte ist von 7.00 Uhr bis 16.00 Uhr ge\u00f6ffnet. Sie bietet 2 Platzformen an: mit Mittagessen (9 Stunden) oder ohne Mittagessen (7,5 Stunden). Die Kosten Die Geb\u00fchrenberechnung basiert auf der Geb\u00fchrenordnung der Stadt Pfungstadt, g\u00fcltig ab dem 1.8.2018. Seit dem 1. August 2018 \u00fcbernimmt das Land Hessen die Geb\u00fchren f\u00fcr 6 Betreuungsstunden f\u00fcr Kinder ab<\/p>\n","protected":false},"author":4,"featured_media":0,"parent":0,"menu_order":0,"comment_status":"closed","ping_status":"closed","template":"","meta":{"footnotes":""},"class_list":["post-543","page","type-page","status-publish","hentry"],"jetpack_sharing_enabled":true,"_links":{"self":[{"href":"https:\/\/kirche-hahn.de\/wordpress\/wp-json\/wp\/v2\/pages\/543","targetHints":{"allow":["GET"]}}],"collection":[{"href":"https:\/\/kirche-hahn.de\/wordpress\/wp-json\/wp\/v2\/pages"}],"about":[{"href":"https:\/\/kirche-hahn.de\/wordpress\/wp-json\/wp\/v2\/types\/page"}],"author":[{"embeddable":true,"href":"https:\/\/kirche-hahn.de\/wordpress\/wp-json\/wp\/v2\/users\/4"}],"replies":[{"embeddable":true,"href":"https:\/\/kirche-hahn.de\/wordpress\/wp-json\/wp\/v2\/comments?post=543"}],"version-history":[{"count":25,"href":"https:\/\/kirche-hahn.de\/wordpress\/wp-json\/wp\/v2\/pages\/543\/revisions"}],"predecessor-version":[{"id":3711,"href":"https:\/\/kirche-hahn.de\/wordpress\/wp-json\/wp\/v2\/pages\/543\/revisions\/3711"}],"wp:attachment":[{"href":"https:\/\/kirche-hahn.de\/wordpress\/wp-json\/wp\/v2\/media?parent=543"}],"curies":[{"name":"wp","href":"https:\/\/api.w.org\/{rel}","templated":true}]}}