{"id":454,"date":"2017-06-06T15:30:24","date_gmt":"2017-06-06T13:30:24","guid":{"rendered":"http:\/\/kirche-hahn.de\/wordpress\/?page_id=454"},"modified":"2025-08-01T11:04:06","modified_gmt":"2025-08-01T09:04:06","slug":"seniorenkreis","status":"publish","type":"page","link":"https:\/\/kirche-hahn.de\/wordpress\/seniorenkreis\/","title":{"rendered":"Seniorenkreis"},"content":{"rendered":"<p><span style=\"color: #572381;\"><strong>Seniorenkreis<\/strong><\/span><\/p>\n<p><img data-recalc-dims=\"1\" loading=\"lazy\" decoding=\"async\" class=\"size-medium wp-image-5189 alignleft\" src=\"https:\/\/i0.wp.com\/kirche-hahn.de\/wordpress\/wp-content\/uploads\/2025\/08\/PXL_20241219_104433081.jpg?resize=300%2C169&#038;ssl=1\" alt=\"\" width=\"300\" height=\"169\" srcset=\"https:\/\/i0.wp.com\/kirche-hahn.de\/wordpress\/wp-content\/uploads\/2025\/08\/PXL_20241219_104433081-scaled.jpg?resize=300%2C169&amp;ssl=1 300w, https:\/\/i0.wp.com\/kirche-hahn.de\/wordpress\/wp-content\/uploads\/2025\/08\/PXL_20241219_104433081-scaled.jpg?resize=1024%2C576&amp;ssl=1 1024w, https:\/\/i0.wp.com\/kirche-hahn.de\/wordpress\/wp-content\/uploads\/2025\/08\/PXL_20241219_104433081-scaled.jpg?resize=768%2C432&amp;ssl=1 768w, https:\/\/i0.wp.com\/kirche-hahn.de\/wordpress\/wp-content\/uploads\/2025\/08\/PXL_20241219_104433081-scaled.jpg?resize=1536%2C864&amp;ssl=1 1536w, https:\/\/i0.wp.com\/kirche-hahn.de\/wordpress\/wp-content\/uploads\/2025\/08\/PXL_20241219_104433081-scaled.jpg?resize=2048%2C1152&amp;ssl=1 2048w, https:\/\/i0.wp.com\/kirche-hahn.de\/wordpress\/wp-content\/uploads\/2025\/08\/PXL_20241219_104433081-scaled.jpg?w=1720&amp;ssl=1 1720w\" sizes=\"auto, (max-width: 300px) 100vw, 300px\" \/>Alle 14 Tage trifft sich um 15 Uhr eine rege Gruppe von Seniorinnen zu einem gem\u00fctlichen Miteinander.<\/p>\n<p>Unter Leitung von Petra Kirsch und Pia Karger gibt es jedes Mal ein ansprechendes Programm.<br \/>\nAm Beginn steht gemeinsames Singen, danach gibt es Kaffee und Kuchen oder auch mal Sekt und H\u00e4ppchen, wenn gerade ein Geburtstag gefeiert werden soll.<br \/>\nIm zweiten Teil gibt es Austausch zu interessanten Themen, es werden Spiele gespielt, manchmal wird gebastelt oder auch einfach nur \u00fcber &#8222;Gott und die Welt&#8220; geredet. Manchmal findet auch eine Kaffeefahrt an einen sch\u00f6nen Ort in der Umgebung statt.<\/p>\n<p>Um 17 Uhr ist das Treffen zu Ende.<\/p>\n<p>F\u00fcr diejenigen, die nicht mehr gut zu Fu\u00df sind, gibt es die M\u00f6glichkeit, sich mit dem Gemeindebus abholen und heimbringen zu lassen.<img data-recalc-dims=\"1\" loading=\"lazy\" decoding=\"async\" class=\"alignright wp-image-718 size-medium\" src=\"https:\/\/i0.wp.com\/kirche-hahn.de\/wordpress\/wp-content\/uploads\/2017\/06\/IMG_4624.jpg?resize=300%2C200&#038;ssl=1\" alt=\"\" width=\"300\" height=\"200\" srcset=\"https:\/\/i0.wp.com\/kirche-hahn.de\/wordpress\/wp-content\/uploads\/2017\/06\/IMG_4624.jpg?resize=300%2C200&amp;ssl=1 300w, https:\/\/i0.wp.com\/kirche-hahn.de\/wordpress\/wp-content\/uploads\/2017\/06\/IMG_4624.jpg?resize=768%2C512&amp;ssl=1 768w, https:\/\/i0.wp.com\/kirche-hahn.de\/wordpress\/wp-content\/uploads\/2017\/06\/IMG_4624.jpg?resize=1024%2C683&amp;ssl=1 1024w, https:\/\/i0.wp.com\/kirche-hahn.de\/wordpress\/wp-content\/uploads\/2017\/06\/IMG_4624.jpg?w=1720&amp;ssl=1 1720w, https:\/\/i0.wp.com\/kirche-hahn.de\/wordpress\/wp-content\/uploads\/2017\/06\/IMG_4624.jpg?w=2580&amp;ssl=1 2580w\" sizes=\"auto, (max-width: 300px) 100vw, 300px\" \/><br \/>\n\u00dcbrigens: Auch M\u00e4nner sind herzlich willkommen!<br \/>\nDie genauen Termine k\u00f6nnen im Gemeindeb\u00fcro oder bei den Leiterinnen der Gruppe erfragt werden.<br \/>\nWeitere Informationen im Gemeindeb\u00fcro, Tel. 2467<\/p>\n","protected":false},"excerpt":{"rendered":"<p>Seniorenkreis Alle 14 Tage trifft sich um 15 Uhr eine rege Gruppe von Seniorinnen zu einem gem\u00fctlichen Miteinander. Unter Leitung von Petra Kirsch und Pia Karger gibt es jedes Mal ein ansprechendes Programm. Am Beginn steht gemeinsames Singen, danach gibt es Kaffee und Kuchen oder auch mal Sekt und H\u00e4ppchen, wenn gerade ein Geburtstag gefeiert werden soll. Im zweiten Teil<\/p>\n","protected":false},"author":4,"featured_media":0,"parent":0,"menu_order":0,"comment_status":"closed","ping_status":"closed","template":"","meta":{"footnotes":""},"class_list":["post-454","page","type-page","status-publish","hentry"],"jetpack_sharing_enabled":true,"_links":{"self":[{"href":"https:\/\/kirche-hahn.de\/wordpress\/wp-json\/wp\/v2\/pages\/454","targetHints":{"allow":["GET"]}}],"collection":[{"href":"https:\/\/kirche-hahn.de\/wordpress\/wp-json\/wp\/v2\/pages"}],"about":[{"href":"https:\/\/kirche-hahn.de\/wordpress\/wp-json\/wp\/v2\/types\/page"}],"author":[{"embeddable":true,"href":"https:\/\/kirche-hahn.de\/wordpress\/wp-json\/wp\/v2\/users\/4"}],"replies":[{"embeddable":true,"href":"https:\/\/kirche-hahn.de\/wordpress\/wp-json\/wp\/v2\/comments?post=454"}],"version-history":[{"count":7,"href":"https:\/\/kirche-hahn.de\/wordpress\/wp-json\/wp\/v2\/pages\/454\/revisions"}],"predecessor-version":[{"id":5190,"href":"https:\/\/kirche-hahn.de\/wordpress\/wp-json\/wp\/v2\/pages\/454\/revisions\/5190"}],"wp:attachment":[{"href":"https:\/\/kirche-hahn.de\/wordpress\/wp-json\/wp\/v2\/media?parent=454"}],"curies":[{"name":"wp","href":"https:\/\/api.w.org\/{rel}","templated":true}]}}