{"id":423,"date":"2017-06-06T14:32:04","date_gmt":"2017-06-06T12:32:04","guid":{"rendered":"http:\/\/kirche-hahn.de\/wordpress\/?page_id=423"},"modified":"2025-11-21T09:48:52","modified_gmt":"2025-11-21T08:48:52","slug":"mitarbeitende-der-kita","status":"publish","type":"page","link":"https:\/\/kirche-hahn.de\/wordpress\/mitarbeitende-der-kita\/","title":{"rendered":"Mitarbeitende der KiTa"},"content":{"rendered":"<h3>Herzlich Willkommen auf den Seiten der Evangelischen KiTa Hahn<\/h3>\n<p>Wir m\u00f6chten Sie hier mit der Arbeit in unserer KiTa vertraut machen,<br \/>\nIhnen die Mitarbeiterinnen und Mitarbeiter vorstellen und Sie \u00fcber das, was wir mit den Kindern machen, auf dem Laufenden halten.<\/p>\n<p>Sie k\u00f6nnen sich die wichtigsten Formulare und Informationen herunterladen.<\/p>\n<p>Aber f\u00fcr alle Fragen steht Ihnen unser KiTa-Team jederzeit auch f\u00fcr ein pers\u00f6nliches Gespr\u00e4ch zur Verf\u00fcgung!<\/p>\n<p>Wir sind telefonisch zu erreichen unter 06157-5439 oder auch per E-Mail: <a href=\"mailto:info@kita-hahn.de\">info@kita-hahn.de<\/a><\/p>\n<p><strong>Das KiTa-Team<\/strong><\/p>\n<p><img data-recalc-dims=\"1\" loading=\"lazy\" decoding=\"async\" class=\"alignnone wp-image-5242 size-large\" src=\"https:\/\/i0.wp.com\/kirche-hahn.de\/wordpress\/wp-content\/uploads\/2025\/11\/20251111-Evangelische-Kita-Hahn-0012.jpg?resize=860%2C572&#038;ssl=1\" alt=\"\" width=\"860\" height=\"572\" srcset=\"https:\/\/i0.wp.com\/kirche-hahn.de\/wordpress\/wp-content\/uploads\/2025\/11\/20251111-Evangelische-Kita-Hahn-0012-scaled.jpg?resize=1024%2C681&amp;ssl=1 1024w, https:\/\/i0.wp.com\/kirche-hahn.de\/wordpress\/wp-content\/uploads\/2025\/11\/20251111-Evangelische-Kita-Hahn-0012-scaled.jpg?resize=300%2C200&amp;ssl=1 300w, https:\/\/i0.wp.com\/kirche-hahn.de\/wordpress\/wp-content\/uploads\/2025\/11\/20251111-Evangelische-Kita-Hahn-0012-scaled.jpg?resize=768%2C511&amp;ssl=1 768w, https:\/\/i0.wp.com\/kirche-hahn.de\/wordpress\/wp-content\/uploads\/2025\/11\/20251111-Evangelische-Kita-Hahn-0012-scaled.jpg?resize=1536%2C1022&amp;ssl=1 1536w, https:\/\/i0.wp.com\/kirche-hahn.de\/wordpress\/wp-content\/uploads\/2025\/11\/20251111-Evangelische-Kita-Hahn-0012-scaled.jpg?resize=2048%2C1363&amp;ssl=1 2048w, https:\/\/i0.wp.com\/kirche-hahn.de\/wordpress\/wp-content\/uploads\/2025\/11\/20251111-Evangelische-Kita-Hahn-0012-scaled.jpg?w=1720&amp;ssl=1 1720w\" sizes=\"auto, (max-width: 860px) 100vw, 860px\" \/><\/p>\n<p>&nbsp;<\/p>\n<p>hinten: Stefanie Bauer, Katharina Scheichenost, Damaris Kehr, Melissa Atli, Ann-Kathrin Kramm<\/p>\n<p>vorne: Daniela Zettel, Stefanie Hecht, Daniela Kohlmann, Aylin Can (FSJ), Claudia Schwab, Lena Baltz, Susan Liebe (Leitung)<\/p>\n<p>&nbsp;<\/p>\n","protected":false},"excerpt":{"rendered":"<p>Herzlich Willkommen auf den Seiten der Evangelischen KiTa Hahn Wir m\u00f6chten Sie hier mit der Arbeit in unserer KiTa vertraut machen, Ihnen die Mitarbeiterinnen und Mitarbeiter vorstellen und Sie \u00fcber das, was wir mit den Kindern machen, auf dem Laufenden halten. Sie k\u00f6nnen sich die wichtigsten Formulare und Informationen herunterladen. Aber f\u00fcr alle Fragen steht Ihnen unser KiTa-Team jederzeit auch<\/p>\n","protected":false},"author":4,"featured_media":0,"parent":0,"menu_order":0,"comment_status":"closed","ping_status":"closed","template":"","meta":{"footnotes":""},"class_list":["post-423","page","type-page","status-publish","hentry"],"jetpack_sharing_enabled":true,"_links":{"self":[{"href":"https:\/\/kirche-hahn.de\/wordpress\/wp-json\/wp\/v2\/pages\/423","targetHints":{"allow":["GET"]}}],"collection":[{"href":"https:\/\/kirche-hahn.de\/wordpress\/wp-json\/wp\/v2\/pages"}],"about":[{"href":"https:\/\/kirche-hahn.de\/wordpress\/wp-json\/wp\/v2\/types\/page"}],"author":[{"embeddable":true,"href":"https:\/\/kirche-hahn.de\/wordpress\/wp-json\/wp\/v2\/users\/4"}],"replies":[{"embeddable":true,"href":"https:\/\/kirche-hahn.de\/wordpress\/wp-json\/wp\/v2\/comments?post=423"}],"version-history":[{"count":25,"href":"https:\/\/kirche-hahn.de\/wordpress\/wp-json\/wp\/v2\/pages\/423\/revisions"}],"predecessor-version":[{"id":5247,"href":"https:\/\/kirche-hahn.de\/wordpress\/wp-json\/wp\/v2\/pages\/423\/revisions\/5247"}],"wp:attachment":[{"href":"https:\/\/kirche-hahn.de\/wordpress\/wp-json\/wp\/v2\/media?parent=423"}],"curies":[{"name":"wp","href":"https:\/\/api.w.org\/{rel}","templated":true}]}}