{"id":354,"date":"2017-06-03T17:50:46","date_gmt":"2017-06-03T15:50:46","guid":{"rendered":"http:\/\/kirche-hahn.de\/wordpress\/?page_id=354"},"modified":"2025-08-01T10:56:19","modified_gmt":"2025-08-01T08:56:19","slug":"kindergottesdienste","status":"publish","type":"page","link":"https:\/\/kirche-hahn.de\/wordpress\/kindergottesdienste\/","title":{"rendered":"Kindergottesdienste"},"content":{"rendered":"<h3><span style=\"color: #572381;\"><strong>Unser KiGo hei\u00dft jetzt &#8222;Kirchenfische&#8220;<\/strong><\/span><\/h3>\n<p>&nbsp;<\/p>\n<p>In di<img data-recalc-dims=\"1\" loading=\"lazy\" decoding=\"async\" class=\"size-medium wp-image-5180 alignleft\" src=\"https:\/\/i0.wp.com\/kirche-hahn.de\/wordpress\/wp-content\/uploads\/2025\/08\/Logo-Kirchenfische.jpg?resize=300%2C176&#038;ssl=1\" alt=\"\" width=\"300\" height=\"176\" srcset=\"https:\/\/i0.wp.com\/kirche-hahn.de\/wordpress\/wp-content\/uploads\/2025\/08\/Logo-Kirchenfische.jpg?resize=300%2C176&amp;ssl=1 300w, https:\/\/i0.wp.com\/kirche-hahn.de\/wordpress\/wp-content\/uploads\/2025\/08\/Logo-Kirchenfische.jpg?resize=1024%2C599&amp;ssl=1 1024w, https:\/\/i0.wp.com\/kirche-hahn.de\/wordpress\/wp-content\/uploads\/2025\/08\/Logo-Kirchenfische.jpg?resize=768%2C450&amp;ssl=1 768w, https:\/\/i0.wp.com\/kirche-hahn.de\/wordpress\/wp-content\/uploads\/2025\/08\/Logo-Kirchenfische.jpg?resize=1536%2C899&amp;ssl=1 1536w, https:\/\/i0.wp.com\/kirche-hahn.de\/wordpress\/wp-content\/uploads\/2025\/08\/Logo-Kirchenfische.jpg?w=1961&amp;ssl=1 1961w, https:\/\/i0.wp.com\/kirche-hahn.de\/wordpress\/wp-content\/uploads\/2025\/08\/Logo-Kirchenfische.jpg?w=1720&amp;ssl=1 1720w\" sizes=\"auto, (max-width: 300px) 100vw, 300px\" \/>esem Jahr hat sich Einiges ver\u00e4ndert im Kindergottesdienst.<\/p>\n<p>Nicht nur der Name: Wir sind jetzt die <strong><span style=\"color: #572381;\">KIRCHENFISCHE<\/span>.<\/strong><\/p>\n<p>Und wir treffen uns nur noch vier mal im Jahr. Daf\u00fcr sind die Treffen etwas l\u00e4nger:<\/p>\n<p>Beginn ist um 14 Uhr und um 17 Uhr endet unser Treffen. Eingeladen sind alle Kinder ab 6 Jahren oder Maxi-Alter.<\/p>\n<p>Auch weiterhin aber feiern wir zuerst einen kurzen Kindergottesdienst mit einer biblischen Geschichte oder einem interessanten Thema.<\/p>\n<p>Nach einer Pause, die die Kinder bei sch\u00f6nem Wetter auf dem Au\u00dfengel\u00e4nde verbringen k\u00f6nnen, gibt es einen Snack, den das Team f\u00fcr die Kinder vorbereitet.<\/p>\n<p>Danach wird gebastelt, gespielt, gelacht, erz\u00e4hlt &#8211; und die Zeit verfliegt ganz schnell.<\/p>\n<p>Am Ende gibt es eine kurze Abschlussrunde und den Segen f\u00fcr alle. Au\u00dferdem k\u00f6nnen die Kinder eine kleine Kollekte abgeben, mit der wir das Patenprojekt der Hahner Kirchengemeinde in Bolivien unterst\u00fctzten.<\/p>\n<p>Manchmal wird es auch einen Ausflug geben oder andere sch\u00f6ne Unternehmungen. Davon erz\u00e4hlen wir immer kurz vorher.<\/p>\n<p>Und wer Lust hat, kann auch beim Krippenspiel mitmachen, das an Weihnachten in der Kirche aufgef\u00fchrt wird.<\/p>\n<p><img data-recalc-dims=\"1\" loading=\"lazy\" decoding=\"async\" class=\"size-medium wp-image-5184 alignleft\" src=\"https:\/\/i0.wp.com\/kirche-hahn.de\/wordpress\/wp-content\/uploads\/2025\/08\/KiGo-Team-2025.jpg?resize=300%2C208&#038;ssl=1\" alt=\"\" width=\"300\" height=\"208\" srcset=\"https:\/\/i0.wp.com\/kirche-hahn.de\/wordpress\/wp-content\/uploads\/2025\/08\/KiGo-Team-2025.jpg?resize=300%2C208&amp;ssl=1 300w, https:\/\/i0.wp.com\/kirche-hahn.de\/wordpress\/wp-content\/uploads\/2025\/08\/KiGo-Team-2025.jpg?resize=1024%2C708&amp;ssl=1 1024w, https:\/\/i0.wp.com\/kirche-hahn.de\/wordpress\/wp-content\/uploads\/2025\/08\/KiGo-Team-2025.jpg?resize=768%2C531&amp;ssl=1 768w, https:\/\/i0.wp.com\/kirche-hahn.de\/wordpress\/wp-content\/uploads\/2025\/08\/KiGo-Team-2025.jpg?resize=1536%2C1062&amp;ssl=1 1536w, https:\/\/i0.wp.com\/kirche-hahn.de\/wordpress\/wp-content\/uploads\/2025\/08\/KiGo-Team-2025.jpg?resize=2048%2C1417&amp;ssl=1 2048w, https:\/\/i0.wp.com\/kirche-hahn.de\/wordpress\/wp-content\/uploads\/2025\/08\/KiGo-Team-2025.jpg?w=1720&amp;ssl=1 1720w\" sizes=\"auto, (max-width: 300px) 100vw, 300px\" \/><\/p>\n<p>&nbsp;<\/p>\n<p>&nbsp;<\/p>\n<p>&nbsp;<\/p>\n<p>&nbsp;<\/p>\n<p>&nbsp;<\/p>\n<p>&nbsp;<\/p>\n<p>&nbsp;<\/p>\n<p><span style=\"color: #572381;\">Das Kirchenfische-Team:<\/span><br \/>\n<span style=\"color: #572381;\">Kirsten, Frau Strack, Sarah, Elisa, Kim und Laura<\/span><\/p>\n<p>&nbsp;<\/p>\n<p><strong>Die n\u00e4chsten Termine 2025<\/strong><\/p>\n<p>sind der 6. september und der 25. Oktober.<\/p>\n<p>Danach beginnen die Proben f\u00fcr das Krippenspiel.<\/p>\n<p><img data-recalc-dims=\"1\" loading=\"lazy\" decoding=\"async\" class=\"size-full wp-image-409 alignnone\" src=\"https:\/\/i0.wp.com\/kirche-hahn.de\/wordpress\/wp-content\/uploads\/2017\/06\/kirche_mit_kinder_logo.jpg?resize=150%2C189&#038;ssl=1\" alt=\"\" width=\"150\" height=\"189\" \/><\/p>\n<p>&nbsp;<\/p>\n<p>&nbsp;<\/p>\n","protected":false},"excerpt":{"rendered":"<p>Unser KiGo hei\u00dft jetzt &#8222;Kirchenfische&#8220; &nbsp; In diesem Jahr hat sich Einiges ver\u00e4ndert im Kindergottesdienst. Nicht nur der Name: Wir sind jetzt die KIRCHENFISCHE. Und wir treffen uns nur noch vier mal im Jahr. Daf\u00fcr sind die Treffen etwas l\u00e4nger: Beginn ist um 14 Uhr und um 17 Uhr endet unser Treffen. Eingeladen sind alle Kinder ab 6 Jahren oder<\/p>\n","protected":false},"author":5,"featured_media":0,"parent":0,"menu_order":0,"comment_status":"closed","ping_status":"closed","template":"","meta":{"footnotes":""},"class_list":["post-354","page","type-page","status-publish","hentry"],"jetpack_sharing_enabled":true,"_links":{"self":[{"href":"https:\/\/kirche-hahn.de\/wordpress\/wp-json\/wp\/v2\/pages\/354","targetHints":{"allow":["GET"]}}],"collection":[{"href":"https:\/\/kirche-hahn.de\/wordpress\/wp-json\/wp\/v2\/pages"}],"about":[{"href":"https:\/\/kirche-hahn.de\/wordpress\/wp-json\/wp\/v2\/types\/page"}],"author":[{"embeddable":true,"href":"https:\/\/kirche-hahn.de\/wordpress\/wp-json\/wp\/v2\/users\/5"}],"replies":[{"embeddable":true,"href":"https:\/\/kirche-hahn.de\/wordpress\/wp-json\/wp\/v2\/comments?post=354"}],"version-history":[{"count":31,"href":"https:\/\/kirche-hahn.de\/wordpress\/wp-json\/wp\/v2\/pages\/354\/revisions"}],"predecessor-version":[{"id":5186,"href":"https:\/\/kirche-hahn.de\/wordpress\/wp-json\/wp\/v2\/pages\/354\/revisions\/5186"}],"wp:attachment":[{"href":"https:\/\/kirche-hahn.de\/wordpress\/wp-json\/wp\/v2\/media?parent=354"}],"curies":[{"name":"wp","href":"https:\/\/api.w.org\/{rel}","templated":true}]}}