{"id":346,"date":"2017-06-03T17:47:19","date_gmt":"2017-06-03T15:47:19","guid":{"rendered":"http:\/\/kirche-hahn.de\/wordpress\/?page_id=346"},"modified":"2017-06-12T17:13:50","modified_gmt":"2017-06-12T15:13:50","slug":"seelsorgerliche-gespraeche","status":"publish","type":"page","link":"https:\/\/kirche-hahn.de\/wordpress\/seelsorgerliche-gespraeche\/","title":{"rendered":"Seelsorgerliche Gespr\u00e4che"},"content":{"rendered":"<p>In jedem Leben gibt es neben guten und leichten Zeiten auch schwere und bedr\u00fcckende Phasen. Nicht alles gelingt, Fragen oder Zweifel plagen, Schuldgedanken qu\u00e4len, Angst vor Krankheit oder Tod belastet.<br \/>\nVielleicht m\u00f6chte man einmal sein Herz aussch\u00fctten, sich einen Rat holen oder m\u00f6glicherweise in einem Beichtgespr\u00e4ch die Vergebung zugesprochen bekommen.<\/p>\n<p>F\u00fcr alles das ist der Pfarrer\/die Pfarrerin als Seelsorger\/in da.<\/p>\n<p>Pfarrer\/innen haben Schweigepflicht, so dass nichts von dem nach au\u00dfen dringt, was in einem solchen Gepr\u00e4ch thematisiert wird.<\/p>\n<p>Wenn Sie ein Gespr\u00e4ch mit Pfarrerin Ute Strack de Carrillo f\u00fchren m\u00f6chten, k\u00f6nnen Sie telefonisch Kontakt aufnehmen unter 06157-2467 oder 0178 756 18 61.<\/p>\n<p>Auch per E-Mail k\u00f6nnen Sie sich melden: pfarrerinstrack@kirche-hahn.de<br \/>\nDiese Adresse wird nur von Frau Strack de Carrillo gelesen.<\/p>\n","protected":false},"excerpt":{"rendered":"<p>In jedem Leben gibt es neben guten und leichten Zeiten auch schwere und bedr\u00fcckende Phasen. Nicht alles gelingt, Fragen oder Zweifel plagen, Schuldgedanken qu\u00e4len, Angst vor Krankheit oder Tod belastet. Vielleicht m\u00f6chte man einmal sein Herz aussch\u00fctten, sich einen Rat holen oder m\u00f6glicherweise in einem Beichtgespr\u00e4ch die Vergebung zugesprochen bekommen. F\u00fcr alles das ist der Pfarrer\/die Pfarrerin als Seelsorger\/in da.<\/p>\n","protected":false},"author":5,"featured_media":0,"parent":0,"menu_order":0,"comment_status":"closed","ping_status":"closed","template":"","meta":{"footnotes":""},"class_list":["post-346","page","type-page","status-publish","hentry"],"jetpack_sharing_enabled":true,"_links":{"self":[{"href":"https:\/\/kirche-hahn.de\/wordpress\/wp-json\/wp\/v2\/pages\/346","targetHints":{"allow":["GET"]}}],"collection":[{"href":"https:\/\/kirche-hahn.de\/wordpress\/wp-json\/wp\/v2\/pages"}],"about":[{"href":"https:\/\/kirche-hahn.de\/wordpress\/wp-json\/wp\/v2\/types\/page"}],"author":[{"embeddable":true,"href":"https:\/\/kirche-hahn.de\/wordpress\/wp-json\/wp\/v2\/users\/5"}],"replies":[{"embeddable":true,"href":"https:\/\/kirche-hahn.de\/wordpress\/wp-json\/wp\/v2\/comments?post=346"}],"version-history":[{"count":4,"href":"https:\/\/kirche-hahn.de\/wordpress\/wp-json\/wp\/v2\/pages\/346\/revisions"}],"predecessor-version":[{"id":600,"href":"https:\/\/kirche-hahn.de\/wordpress\/wp-json\/wp\/v2\/pages\/346\/revisions\/600"}],"wp:attachment":[{"href":"https:\/\/kirche-hahn.de\/wordpress\/wp-json\/wp\/v2\/media?parent=346"}],"curies":[{"name":"wp","href":"https:\/\/api.w.org\/{rel}","templated":true}]}}