{"id":342,"date":"2017-06-03T17:46:12","date_gmt":"2017-06-03T15:46:12","guid":{"rendered":"http:\/\/kirche-hahn.de\/wordpress\/?page_id=342"},"modified":"2017-06-17T15:04:15","modified_gmt":"2017-06-17T13:04:15","slug":"abendmahl","status":"publish","type":"page","link":"https:\/\/kirche-hahn.de\/wordpress\/abendmahl\/","title":{"rendered":"Abendmahl"},"content":{"rendered":"<p>Das Abendmahl wird seit der Zeit der ersten christlichen Gemeinden gefeiert. Im Teilen von Brot und Wein wird die heilsame Verbindung zu Gott und den Mitmenschen erlebbar. Jesus Christus selbst hat dazu eingeladen. Das Abendmahl will zum Glauben und Leben st\u00e4rken und Gemeinschaft beleben.<\/p>\n<p>In der Ordnung der Evangelischen Kirche in Hessen und Nassau hei\u00dft es:<\/p>\n<blockquote><p>Die Teilnahme am Abendmahl geschieht auf Einladung Gottes. Daher ist die Zulassung zum Abendmahl nicht an ein Alter, an bestimmte geistige F\u00e4higkeiten oder an die Mitgliedschaft in einer bestimmten Kirche gebunden. &#8230;<\/p>\n<p>Grunds\u00e4tzlich kann am Abendmahl teilnehmen, wer sich von Jesus Christus eingeladen wei\u00df und die Einladung in die christliche Gemeinde annehmen will. (Lebensordnung der EKHN, II, 2.3, 82+83)<\/p><\/blockquote>\n<h4><span style=\"color: #572381;\">Die Feier des Abendmahls in Hahn<\/span><\/h4>\n<p><img data-recalc-dims=\"1\" loading=\"lazy\" decoding=\"async\" class=\"alignleft wp-image-755 size-medium\" src=\"https:\/\/i0.wp.com\/kirche-hahn.de\/wordpress\/wp-content\/uploads\/2017\/06\/IMG_1584.jpg?resize=300%2C200&#038;ssl=1\" alt=\"\" width=\"300\" height=\"200\" srcset=\"https:\/\/i0.wp.com\/kirche-hahn.de\/wordpress\/wp-content\/uploads\/2017\/06\/IMG_1584.jpg?resize=300%2C200&amp;ssl=1 300w, https:\/\/i0.wp.com\/kirche-hahn.de\/wordpress\/wp-content\/uploads\/2017\/06\/IMG_1584.jpg?resize=768%2C512&amp;ssl=1 768w, https:\/\/i0.wp.com\/kirche-hahn.de\/wordpress\/wp-content\/uploads\/2017\/06\/IMG_1584.jpg?resize=1024%2C683&amp;ssl=1 1024w, https:\/\/i0.wp.com\/kirche-hahn.de\/wordpress\/wp-content\/uploads\/2017\/06\/IMG_1584.jpg?w=1720&amp;ssl=1 1720w, https:\/\/i0.wp.com\/kirche-hahn.de\/wordpress\/wp-content\/uploads\/2017\/06\/IMG_1584.jpg?w=2580&amp;ssl=1 2580w\" sizes=\"auto, (max-width: 300px) 100vw, 300px\" \/>Etwa alle sechs Wochen wird das Abendmahl im Gottesdienst gefeiert. Dazu versammeln sich die alle, die daran teilnehmen m\u00f6chten, in einem Kreis um den Altar. Die Pfarrerin und Kirchenvorsteher\/innen teilen das Brot aus und bringen Wein oder Saft in Einzelkelchen. Als Zeichen der Gemeinschaft wird erst dann gegessen oder getrunken, wenn alle im Kreis Brot oder einen Kelch in H\u00e4nden haben.<br \/>\nGottesdienstbesucher\/innen, die aus gesundheitlichen Gr\u00fcnden nicht zum Altar kommen k\u00f6nnen, bekommen auf Wunsch das Abendmahl an den Platz gebracht. Sie k\u00f6nnen schon zu Beginn des Gottesdienstes den K\u00fcster oder die Pfarrerin darauf aufmerksam machen.<\/p>\n<p>Auch Kinder und nicht konfirmierte Jugendliche sind ausdr\u00fccklich eingeladen, am Abendmahl teilzunehmen. Und selbst wenn Kinder dann kein Brot oder keinen Saft nehmen m\u00f6chten, k\u00f6nnen sie doch Teil der Abendmahlsgemeinschaft sein.<\/p>\n<p>Das Abendmahl wird dar\u00fcberhinaus zu folgenden besonderen Tagen gefeiert:<\/p>\n<p>Karfreitag, Ostersonntag, Konfirmation, Goldene Konfirmation, Ewigkeitssonntag, Silvester.<br \/>\nAn Gr\u00fcndonnerstag wird im Gemeindehaus eine Andacht mit Tischabendmahl gefeiert &#8211; ein gemeinsames Mahl mit Brot, K\u00e4se und Trauben sowie Traubensaft.<\/p>\n<p>Im Kindergottesdienst wird einmal im Jahr miteinander Abendmahl gefeiert und in den Merschroth&#8217;schen H\u00f6fen etwa alle drei Monate.<\/p>\n<p>&nbsp;<\/p>\n","protected":false},"excerpt":{"rendered":"<p>Das Abendmahl wird seit der Zeit der ersten christlichen Gemeinden gefeiert. Im Teilen von Brot und Wein wird die heilsame Verbindung zu Gott und den Mitmenschen erlebbar. Jesus Christus selbst hat dazu eingeladen. Das Abendmahl will zum Glauben und Leben st\u00e4rken und Gemeinschaft beleben. In der Ordnung der Evangelischen Kirche in Hessen und Nassau hei\u00dft es: Die Teilnahme am Abendmahl<\/p>\n","protected":false},"author":5,"featured_media":0,"parent":0,"menu_order":0,"comment_status":"closed","ping_status":"closed","template":"","meta":{"footnotes":""},"class_list":["post-342","page","type-page","status-publish","hentry"],"jetpack_sharing_enabled":true,"_links":{"self":[{"href":"https:\/\/kirche-hahn.de\/wordpress\/wp-json\/wp\/v2\/pages\/342","targetHints":{"allow":["GET"]}}],"collection":[{"href":"https:\/\/kirche-hahn.de\/wordpress\/wp-json\/wp\/v2\/pages"}],"about":[{"href":"https:\/\/kirche-hahn.de\/wordpress\/wp-json\/wp\/v2\/types\/page"}],"author":[{"embeddable":true,"href":"https:\/\/kirche-hahn.de\/wordpress\/wp-json\/wp\/v2\/users\/5"}],"replies":[{"embeddable":true,"href":"https:\/\/kirche-hahn.de\/wordpress\/wp-json\/wp\/v2\/comments?post=342"}],"version-history":[{"count":8,"href":"https:\/\/kirche-hahn.de\/wordpress\/wp-json\/wp\/v2\/pages\/342\/revisions"}],"predecessor-version":[{"id":760,"href":"https:\/\/kirche-hahn.de\/wordpress\/wp-json\/wp\/v2\/pages\/342\/revisions\/760"}],"wp:attachment":[{"href":"https:\/\/kirche-hahn.de\/wordpress\/wp-json\/wp\/v2\/media?parent=342"}],"curies":[{"name":"wp","href":"https:\/\/api.w.org\/{rel}","templated":true}]}}