{"id":340,"date":"2017-06-03T17:46:01","date_gmt":"2017-06-03T15:46:01","guid":{"rendered":"http:\/\/kirche-hahn.de\/wordpress\/?page_id=340"},"modified":"2020-05-02T12:21:28","modified_gmt":"2020-05-02T11:21:28","slug":"besuche","status":"publish","type":"page","link":"https:\/\/kirche-hahn.de\/wordpress\/besuche\/","title":{"rendered":"Besuche"},"content":{"rendered":"<blockquote><p>&#8211; In der aktuellen Lage werden keine Geburtstagsbesuche gemacht. Auch Besuche in den Merschroth&#8217;schen H\u00f6fen sind zurzeit nicht m\u00f6glich.<br \/>\n&#8211; Um Trauergespr\u00e4che zur Vorbereitung einer Beerdigung zu f\u00fchren, vereinbaren Sie mit Pfarrerin Strack de Carrillo gerne ein Gespr\u00e4ch!<br \/>\n&#8211; Wichtige seelsorgerliche Fragen k\u00f6nnen Sie zun\u00e4chst auch per Telefon stellen und so die M\u00f6glichkeit eines pers\u00f6nlichen Treffens besprechen.<\/p><\/blockquote>\n<p>Die Kirchengemeinde bietet zu unterschiedlichen Anl\u00e4ssen Besuche an:<\/p>\n<p><strong>Geburtstag<\/strong><\/p>\n<p>Ein Besuchsdienstkreis und Pfarrerin Ute Strack de Carrillo gratulieren Seniorinnen und Senioren zum Geburtstag und besuchen sie wenn m\u00f6glich zu Hause.<\/p>\n<p>Pfarrerin Strack de Carrillo kommt zum 80., 85. und ab 90 Jahren zu jedem Geburtstag<\/p>\n<p>Die Mitglieder des Besuchsdienstkreises kommen zum 75. Geburtstag und von 81 &#8211; 84 und von 86 &#8211; 89 Jahren.<\/p>\n<p>&nbsp;<\/p>\n<p><strong>Besondere Anl\u00e4sse<\/strong><\/p>\n<p>Zur Vorbereitung von Taufen, Trauungen oder Beerdigungen kommt Pfarrerin Strack de Carrillo gerne zu Ihnen nach Hause. In einem Telefonat wird dazu der Termin verabredet<\/p>\n<p>&nbsp;<\/p>\n<p><strong>Seelsorge<\/strong><\/p>\n<p>Wer ein seelsorgerliches Gespr\u00e4ch w\u00fcnscht, kann sich mit diesem Wunsch jederzeit an Pfarrerin Strack de Carrillo wenden und einen Termin vereinbaren.<\/p>\n<p>Dasselbe gilt, wenn jemand krank ist und einen Besuch m\u00f6chte. Auch die M\u00f6glichkeit zum Hausabendmahl besteht.<\/p>\n<p>Telefon: 06157-2467 oder 0178 756 18 61<br \/>\nE-Mail: pfarrerinstrack@kirche-hahn.de<\/p>\n<p>&nbsp;<\/p>\n","protected":false},"excerpt":{"rendered":"<p>&#8211; In der aktuellen Lage werden keine Geburtstagsbesuche gemacht. Auch Besuche in den Merschroth&#8217;schen H\u00f6fen sind zurzeit nicht m\u00f6glich. &#8211; Um Trauergespr\u00e4che zur Vorbereitung einer Beerdigung zu f\u00fchren, vereinbaren Sie mit Pfarrerin Strack de Carrillo gerne ein Gespr\u00e4ch! &#8211; Wichtige seelsorgerliche Fragen k\u00f6nnen Sie zun\u00e4chst auch per Telefon stellen und so die M\u00f6glichkeit eines pers\u00f6nlichen Treffens besprechen. Die Kirchengemeinde bietet<\/p>\n","protected":false},"author":5,"featured_media":0,"parent":0,"menu_order":0,"comment_status":"closed","ping_status":"closed","template":"","meta":{"footnotes":""},"class_list":["post-340","page","type-page","status-publish","hentry"],"jetpack_sharing_enabled":true,"_links":{"self":[{"href":"https:\/\/kirche-hahn.de\/wordpress\/wp-json\/wp\/v2\/pages\/340","targetHints":{"allow":["GET"]}}],"collection":[{"href":"https:\/\/kirche-hahn.de\/wordpress\/wp-json\/wp\/v2\/pages"}],"about":[{"href":"https:\/\/kirche-hahn.de\/wordpress\/wp-json\/wp\/v2\/types\/page"}],"author":[{"embeddable":true,"href":"https:\/\/kirche-hahn.de\/wordpress\/wp-json\/wp\/v2\/users\/5"}],"replies":[{"embeddable":true,"href":"https:\/\/kirche-hahn.de\/wordpress\/wp-json\/wp\/v2\/comments?post=340"}],"version-history":[{"count":4,"href":"https:\/\/kirche-hahn.de\/wordpress\/wp-json\/wp\/v2\/pages\/340\/revisions"}],"predecessor-version":[{"id":3235,"href":"https:\/\/kirche-hahn.de\/wordpress\/wp-json\/wp\/v2\/pages\/340\/revisions\/3235"}],"wp:attachment":[{"href":"https:\/\/kirche-hahn.de\/wordpress\/wp-json\/wp\/v2\/media?parent=340"}],"curies":[{"name":"wp","href":"https:\/\/api.w.org\/{rel}","templated":true}]}}