{"id":334,"date":"2017-06-03T17:44:37","date_gmt":"2017-06-03T15:44:37","guid":{"rendered":"http:\/\/kirche-hahn.de\/wordpress\/?page_id=334"},"modified":"2017-06-23T18:00:11","modified_gmt":"2017-06-23T16:00:11","slug":"trauung","status":"publish","type":"page","link":"https:\/\/kirche-hahn.de\/wordpress\/trauung\/","title":{"rendered":"Trauung"},"content":{"rendered":"<p><img data-recalc-dims=\"1\" loading=\"lazy\" decoding=\"async\" class=\"alignleft wp-image-816 size-medium\" src=\"https:\/\/i0.wp.com\/kirche-hahn.de\/wordpress\/wp-content\/uploads\/2017\/06\/Einsegnung-e1498233593399-300x216.jpg?resize=300%2C216&#038;ssl=1\" alt=\"\" width=\"300\" height=\"216\" \/>Die Trauung ist ein Gottesdienst, in dem zwei Menschen ihre Zusammengeh\u00f6rigkeit von Gott segnen lassen. Die kirchliche Trauung setzt die standesamtliche Eheschlie\u00dfung voraus.<\/p>\n<p>Im Traugottesdienst versprechen die Eheleute einander vor Gott und der anwesenden Gemeinde, dass sie ihr gemeinsames Leben auf der Grundlage von Liebe, Treue und gegenseitiger Achtung aufbauen wollen und dass sie auch in den Zeiten zusammengeh\u00f6ren m\u00f6chten, in denen sie es m\u00f6glicherweise schwer miteinander haben.<\/p>\n<p>Bei einer kirchlichen Trauung muss wenigstens einer der Ehepartner Mitglied einer christlichen Kirche sein.<\/p>\n<p>Wer eine Trauung m\u00f6chte, kann das im Pfarrb\u00fcro anmelden und einen Termin vereinbaren. Es ist gut, das fr\u00fchzeitig zu tun, damit der Pfarrer\/die Pfarrerin (und ein Organist\/eine Organistin) am gew\u00fcnschten Termin auch Zeit hat. Einige Zeit vor der Trauung wird ein Vorbereitungsgespr\u00e4ch gef\u00fchrt, bei dem W\u00fcnsche bez\u00fcglich der Gestaltung des Gottesdienstes wie z. B. Blumenschmuck, musikalische Beitr\u00e4ge usw. besprochen werden k\u00f6nnen.<\/p>\n<p>Am Sonntag vor der Trauung wird f\u00fcr das Brautpaar im Gottesdienst in der F\u00fcrbitte gebetet.<\/p>\n<h6>Trauung in einer anderen als der Heimatgemeinde<\/h6>\n<p>Wer eine Trauung in einer anderen Kirchengemeinde w\u00fcnscht, braucht ein Dimissoriale. Das ist eine Best\u00e4tigung, dass der Heimatpfarrer\/die Heimatpfarrerin \u00fcber die anstehende Amtshandlung informiert wird und der Durchf\u00fchrung an einem anderen Ort zustimmt.<\/p>\n<p>Wer ein solches Formular ben\u00f6tigt, erh\u00e4lt das im Pfarrb\u00fcro der Heimatgemeinde. Die Daten \u00fcber die Amtshandlung werden nach der Durchf\u00fchrung durch den beteiligten Pfarrer\/die beteiligte Pfarrerin an die Heimatgemeinde weitergeleitet.<\/p>\n","protected":false},"excerpt":{"rendered":"<p>Die Trauung ist ein Gottesdienst, in dem zwei Menschen ihre Zusammengeh\u00f6rigkeit von Gott segnen lassen. Die kirchliche Trauung setzt die standesamtliche Eheschlie\u00dfung voraus. Im Traugottesdienst versprechen die Eheleute einander vor Gott und der anwesenden Gemeinde, dass sie ihr gemeinsames Leben auf der Grundlage von Liebe, Treue und gegenseitiger Achtung aufbauen wollen und dass sie auch in den Zeiten zusammengeh\u00f6ren m\u00f6chten,<\/p>\n","protected":false},"author":5,"featured_media":0,"parent":0,"menu_order":0,"comment_status":"closed","ping_status":"closed","template":"","meta":{"footnotes":""},"class_list":["post-334","page","type-page","status-publish","hentry"],"jetpack_sharing_enabled":true,"_links":{"self":[{"href":"https:\/\/kirche-hahn.de\/wordpress\/wp-json\/wp\/v2\/pages\/334","targetHints":{"allow":["GET"]}}],"collection":[{"href":"https:\/\/kirche-hahn.de\/wordpress\/wp-json\/wp\/v2\/pages"}],"about":[{"href":"https:\/\/kirche-hahn.de\/wordpress\/wp-json\/wp\/v2\/types\/page"}],"author":[{"embeddable":true,"href":"https:\/\/kirche-hahn.de\/wordpress\/wp-json\/wp\/v2\/users\/5"}],"replies":[{"embeddable":true,"href":"https:\/\/kirche-hahn.de\/wordpress\/wp-json\/wp\/v2\/comments?post=334"}],"version-history":[{"count":7,"href":"https:\/\/kirche-hahn.de\/wordpress\/wp-json\/wp\/v2\/pages\/334\/revisions"}],"predecessor-version":[{"id":817,"href":"https:\/\/kirche-hahn.de\/wordpress\/wp-json\/wp\/v2\/pages\/334\/revisions\/817"}],"wp:attachment":[{"href":"https:\/\/kirche-hahn.de\/wordpress\/wp-json\/wp\/v2\/media?parent=334"}],"curies":[{"name":"wp","href":"https:\/\/api.w.org\/{rel}","templated":true}]}}