{"id":330,"date":"2017-06-03T17:41:58","date_gmt":"2017-06-03T15:41:58","guid":{"rendered":"http:\/\/kirche-hahn.de\/wordpress\/?page_id=330"},"modified":"2021-12-14T15:20:18","modified_gmt":"2021-12-14T14:20:18","slug":"konfirmation","status":"publish","type":"page","link":"https:\/\/kirche-hahn.de\/wordpress\/konfirmation\/","title":{"rendered":"Konfirmation"},"content":{"rendered":"<h3><span style=\"color: #572381;\"><strong>Wozu Konfirmanden-Unterricht?<\/strong><\/span><\/h3>\n<p>Der christliche Glaube ist kein feststehendes Wissensgeb\u00e4ude, das man sich ein f\u00fcr alle Mal aneigenet, sondern er ist eine immerw\u00e4hrende Auseinandersetzung mit Gott und der Welt. Je nach Lebenslage und Alter wird er sich \u00e4ndern, wird reifen, manchmal auch Krisen durchleben. Im Konfirmandenunterricht sollen Jugendliche die M\u00f6glichkeit bekommen, f\u00fcr sich pers\u00f6nlich diesen Weg der Auseinandersetzung und des Nachdenkens zu beginnen und sich klar werden zu k\u00f6nnen \u00fcber das, woran sie glauben, worauf sie hoffen und wovon sie sich Hilfe und Halt in ihrem Leben erwarten. Sie sollen auch &#8222;ihre&#8220; Kirchengemeinde besser kennenlernen und die Gelegenheit bekommen, sich selbst in einigen Bereichen einzubringen. Nicht zuletzt erleben sie die Gemeinschaft mit Gleichaltrigen, die sich ebenfalls mit <a style=\"color: black; text-decoration: none; font-weight: normal;\" href=\"https:\/\/onlineroulette.money\/\">online roulette<\/a> diesen Themen besch\u00e4ftigen &#8211; und denken dabei nicht nur ernsthaft nach, sondern haben auch viel Spa\u00df.<\/p>\n<p><img data-recalc-dims=\"1\" loading=\"lazy\" decoding=\"async\" class=\"wp-image-3916 alignleft\" src=\"https:\/\/i0.wp.com\/kirche-hahn.de\/wordpress\/wp-content\/uploads\/2021\/12\/IMG_20170905_174442.jpg?resize=150%2C113&#038;ssl=1\" alt=\"\" width=\"150\" height=\"113\" srcset=\"https:\/\/i0.wp.com\/kirche-hahn.de\/wordpress\/wp-content\/uploads\/2021\/12\/IMG_20170905_174442-scaled.jpg?resize=1024%2C768&amp;ssl=1 1024w, https:\/\/i0.wp.com\/kirche-hahn.de\/wordpress\/wp-content\/uploads\/2021\/12\/IMG_20170905_174442-scaled.jpg?resize=300%2C225&amp;ssl=1 300w, https:\/\/i0.wp.com\/kirche-hahn.de\/wordpress\/wp-content\/uploads\/2021\/12\/IMG_20170905_174442-scaled.jpg?resize=768%2C576&amp;ssl=1 768w, https:\/\/i0.wp.com\/kirche-hahn.de\/wordpress\/wp-content\/uploads\/2021\/12\/IMG_20170905_174442-scaled.jpg?resize=1536%2C1152&amp;ssl=1 1536w, https:\/\/i0.wp.com\/kirche-hahn.de\/wordpress\/wp-content\/uploads\/2021\/12\/IMG_20170905_174442-scaled.jpg?resize=2048%2C1536&amp;ssl=1 2048w, https:\/\/i0.wp.com\/kirche-hahn.de\/wordpress\/wp-content\/uploads\/2021\/12\/IMG_20170905_174442-scaled.jpg?w=1720&amp;ssl=1 1720w\" sizes=\"auto, (max-width: 150px) 100vw, 150px\" \/><\/p>\n<p>Die Anmeldung zum Konfirmandenunterricht ist freiwillig. Allerdings sollen die Jugendlichen dann regelm\u00e4\u00dfig an den Treffen teilnehmen, Gottesdienste besuchen und die entsprechenden Aufgaben \u00fcbernehmen.<\/p>\n<p>&nbsp;<\/p>\n<h3><span style=\"color: #572381;\">Was ist die Konfirmation?<\/span><\/h3>\n<p>Am Ende der Konfi-Zeit entscheiden sich die Jugendlichen, ob sie konfirmiert werden m\u00f6chten. Das hei\u00dft, sie \u00fcbernehmen selbst Verantwortung f\u00fcr das, was sie glauben und wie sie leben wollen. Dass ihre Kinder getauft werden, entscheiden in der Regel die Eltern. In der Konfirmation best\u00e4tigen die Jugendlichen, dass sie auch weiterhin zu Gott und zur Gemeinschaft der Christinnen und Christen geh\u00f6ren wollen.<\/p>\n<h3><span style=\"color: #572381;\">Wann findet die Konfirmation statt?<\/span><\/h3>\n<p>Die Konfirmation in Hahn findet am Sonntag vor Christi Himmelfahrt statt, die Vorstellung eine Woche vorher.<\/p>\n<p>Hier kann das Formular f\u00fcr die Anmeldung ge\u00f6ffnet werden:<\/p>\n<p><a href=\"https:\/\/kirche-hahn.de\/wordpress\/wp-content\/uploads\/2021\/12\/Anmeldung-Konfirmanden-Unterricht.pdf\" target=\"_blank\" rel=\"noopener noreferrer\"><strong>Anmeldeformular zum Konfirmanden-Unterricht<\/strong><\/a><\/p>\n<p>&nbsp;<\/p>\n<p><strong>Mehr dazu, was im Konfi-Unterricht passiert, gibt es unter Gemeindeleben\/Konfirmandenunterricht<\/strong><\/p>\n","protected":false},"excerpt":{"rendered":"<p>Wozu Konfirmanden-Unterricht? Der christliche Glaube ist kein feststehendes Wissensgeb\u00e4ude, das man sich ein f\u00fcr alle Mal aneigenet, sondern er ist eine immerw\u00e4hrende Auseinandersetzung mit Gott und der Welt. Je nach Lebenslage und Alter wird er sich \u00e4ndern, wird reifen, manchmal auch Krisen durchleben. Im Konfirmandenunterricht sollen Jugendliche die M\u00f6glichkeit bekommen, f\u00fcr sich pers\u00f6nlich diesen Weg der Auseinandersetzung und des Nachdenkens<\/p>\n","protected":false},"author":5,"featured_media":0,"parent":0,"menu_order":0,"comment_status":"closed","ping_status":"closed","template":"","meta":{"footnotes":""},"class_list":["post-330","page","type-page","status-publish","hentry"],"jetpack_sharing_enabled":true,"_links":{"self":[{"href":"https:\/\/kirche-hahn.de\/wordpress\/wp-json\/wp\/v2\/pages\/330","targetHints":{"allow":["GET"]}}],"collection":[{"href":"https:\/\/kirche-hahn.de\/wordpress\/wp-json\/wp\/v2\/pages"}],"about":[{"href":"https:\/\/kirche-hahn.de\/wordpress\/wp-json\/wp\/v2\/types\/page"}],"author":[{"embeddable":true,"href":"https:\/\/kirche-hahn.de\/wordpress\/wp-json\/wp\/v2\/users\/5"}],"replies":[{"embeddable":true,"href":"https:\/\/kirche-hahn.de\/wordpress\/wp-json\/wp\/v2\/comments?post=330"}],"version-history":[{"count":15,"href":"https:\/\/kirche-hahn.de\/wordpress\/wp-json\/wp\/v2\/pages\/330\/revisions"}],"predecessor-version":[{"id":3925,"href":"https:\/\/kirche-hahn.de\/wordpress\/wp-json\/wp\/v2\/pages\/330\/revisions\/3925"}],"wp:attachment":[{"href":"https:\/\/kirche-hahn.de\/wordpress\/wp-json\/wp\/v2\/media?parent=330"}],"curies":[{"name":"wp","href":"https:\/\/api.w.org\/{rel}","templated":true}]}}