{"id":328,"date":"2017-06-03T17:41:50","date_gmt":"2017-06-03T15:41:50","guid":{"rendered":"http:\/\/kirche-hahn.de\/wordpress\/?page_id=328"},"modified":"2017-06-27T18:33:17","modified_gmt":"2017-06-27T16:33:17","slug":"taufe","status":"publish","type":"page","link":"https:\/\/kirche-hahn.de\/wordpress\/taufe\/","title":{"rendered":"Taufe"},"content":{"rendered":"<p>Wenn ein Kind geboren wird, dann ist das f\u00fcr die ganze Familie ein besonderer Moment. Gro\u00dfe Freude, aber auch viele Ver\u00e4nderungen und gro\u00dfe Verantwortung treten in das Leben der Eltern.<\/p>\n<p>F\u00fcr viele Eltern ist es deshalb ein gro\u00dfes Anliegen, ihrem Kind von Anfang alles mitzugeben, was f\u00fcr seinen Lebensweg wichtig ist. Und dazu geh\u00f6rt neben der materiellen Ausstattung auch die Orientierung f\u00fcr den Lebensweg. Die Taufe ist ein Schritt f\u00fcr eine solche Orientierung.<br \/>\nDas gilt sowohl f\u00fcr T\u00e4uflinge im S\u00e4uglingsalter als auch f\u00fcr \u00e4ltere oder gar erwachsene T\u00e4uflinge.<\/p>\n<p>Die Taufe ist ein Zeichen daf\u00fcr, dass Gott sich diesem Menschen zuwendet und ihn bedingungslos annimmt \u2013 unabh\u00e4ngig davon, wer er ist und was er leistet.<br \/>\nDie Taufe macht auch deutlich, dass Menschen ihren Lebensweg nicht alleine gehen m\u00fcssen. Sie geh\u00f6ren in eine Gemeinde, im Ort, in dem sie leben, aber auch in die weltweite Gemeinde aller <a style=\"color: black; text-decoration:none; font-weight: normal\" href=\"https:\/\/aucasinosonline.com\/pokies\/\">pokies real money<\/a> Menschen, die sich zu Gott geh\u00f6rig wissen.<\/p>\n<p>Taufen finden deshalb in unserer Gemeinde grunds\u00e4tzlich im Gemeindegottesdienst statt. Es gibt dazu keine festgelegten Tauftermine, diese k\u00f6nnen individuell mit den Tauffamilien festgelegt werden.<\/p>\n<p>Wer eine Taufe m\u00f6chte, kann dies im Pfarrb\u00fcro anmelden und Termine f\u00fcr ein Vorbereitungsgespr\u00e4ch sowie f\u00fcr die Taufe selbst ausmachen.<\/p>\n<h5>Paten\/Patinnen<\/h5>\n<p>Wer ein Patenamt \u00fcbernimmt, muss Mitglied einer christlichen Kirche sein. Wenn die Paten\/Patinnen nicht aus unserer Kirchengemeinde stammen, m\u00fcssen sie ihre Kirchenmitgliedschaft durch einen Patenschein nachweisen. Den bekommen sie problemlos im Pfarrb\u00fcro ihrer Kirchengemeinde.<br \/>\nWenn der Pate\/die Patin beim Vorbereitungsgespr\u00e4ch f\u00fcr die Taufe anwesend sein kann, ist das sehr sch\u00f6n. Vielleicht haben sie ja Ideen, wie sie sich auch im Gottesdienst mit einbringen k\u00f6nnen. Bedingung ist das aber nicht.<\/p>\n<h5>Taufe in einer anderen als der Heimatgemeinde<\/h5>\n<p>Wer eine Taufe in einer anderen Kirchengemeinde w\u00fcnscht, braucht ein Dimissoriale. Das ist eine Best\u00e4tigung, dass der Heimatpfarrer\/die Heimatpfarrerin \u00fcber die anstehende Amtshandlung informiert wird und der Durchf\u00fchrung an einem anderen Ort zustimmt.<\/p>\n<p>Wer ein solches Formular ben\u00f6tigt, erh\u00e4lt das im Pfarrb\u00fcro der Heimatgemeinde. Die Daten \u00fcber die Amtshandlung werden nach der Durchf\u00fchrung durch den beteiligten Pfarrer\/die beteiligte Pfarrerin an die Heimatgemeinde weitergeleitet.<\/p>\n","protected":false},"excerpt":{"rendered":"<p>Wenn ein Kind geboren wird, dann ist das f\u00fcr die ganze Familie ein besonderer Moment. Gro\u00dfe Freude, aber auch viele Ver\u00e4nderungen und gro\u00dfe Verantwortung treten in das Leben der Eltern. F\u00fcr viele Eltern ist es deshalb ein gro\u00dfes Anliegen, ihrem Kind von Anfang alles mitzugeben, was f\u00fcr seinen Lebensweg wichtig ist. Und dazu geh\u00f6rt neben der materiellen Ausstattung auch die<\/p>\n","protected":false},"author":5,"featured_media":0,"parent":0,"menu_order":0,"comment_status":"closed","ping_status":"closed","template":"","meta":{"footnotes":""},"class_list":["post-328","page","type-page","status-publish","hentry"],"jetpack_sharing_enabled":true,"_links":{"self":[{"href":"https:\/\/kirche-hahn.de\/wordpress\/wp-json\/wp\/v2\/pages\/328","targetHints":{"allow":["GET"]}}],"collection":[{"href":"https:\/\/kirche-hahn.de\/wordpress\/wp-json\/wp\/v2\/pages"}],"about":[{"href":"https:\/\/kirche-hahn.de\/wordpress\/wp-json\/wp\/v2\/types\/page"}],"author":[{"embeddable":true,"href":"https:\/\/kirche-hahn.de\/wordpress\/wp-json\/wp\/v2\/users\/5"}],"replies":[{"embeddable":true,"href":"https:\/\/kirche-hahn.de\/wordpress\/wp-json\/wp\/v2\/comments?post=328"}],"version-history":[{"count":8,"href":"https:\/\/kirche-hahn.de\/wordpress\/wp-json\/wp\/v2\/pages\/328\/revisions"}],"predecessor-version":[{"id":846,"href":"https:\/\/kirche-hahn.de\/wordpress\/wp-json\/wp\/v2\/pages\/328\/revisions\/846"}],"wp:attachment":[{"href":"https:\/\/kirche-hahn.de\/wordpress\/wp-json\/wp\/v2\/media?parent=328"}],"curies":[{"name":"wp","href":"https:\/\/api.w.org\/{rel}","templated":true}]}}