{"id":320,"date":"2017-06-03T17:38:35","date_gmt":"2017-06-03T15:38:35","guid":{"rendered":"http:\/\/kirche-hahn.de\/wordpress\/?page_id=320"},"modified":"2021-04-24T09:59:41","modified_gmt":"2021-04-24T08:59:41","slug":"gemeindehaus","status":"publish","type":"page","link":"https:\/\/kirche-hahn.de\/wordpress\/gemeindehaus\/","title":{"rendered":"Kindertagesst\u00e4tte"},"content":{"rendered":"<p>Unsere KiTa bietet Platz f\u00fcr 66 Kinder \u00fcber drei Jahre und 10 Kinder im Krippenbereich. In 4 Gruppenr\u00e4umen, mehreren Funktionsr\u00e4umen und auf einem gro\u00dfen Freigel\u00e4nde k\u00f6nnen die Kinder spielen, sich austoben oder auch R\u00fcckzugsorte finden.<\/p>\n<p><img data-recalc-dims=\"1\" loading=\"lazy\" decoding=\"async\" class=\"alignleft wp-image-1240 size-medium\" src=\"https:\/\/i0.wp.com\/kirche-hahn.de\/wordpress\/wp-content\/uploads\/2018\/01\/Fotofritzen-258.jpg?resize=300%2C200&#038;ssl=1\" alt=\"\" width=\"300\" height=\"200\" srcset=\"https:\/\/i0.wp.com\/kirche-hahn.de\/wordpress\/wp-content\/uploads\/2018\/01\/Fotofritzen-258.jpg?resize=300%2C200&amp;ssl=1 300w, https:\/\/i0.wp.com\/kirche-hahn.de\/wordpress\/wp-content\/uploads\/2018\/01\/Fotofritzen-258.jpg?resize=768%2C511&amp;ssl=1 768w, https:\/\/i0.wp.com\/kirche-hahn.de\/wordpress\/wp-content\/uploads\/2018\/01\/Fotofritzen-258.jpg?resize=1024%2C682&amp;ssl=1 1024w, https:\/\/i0.wp.com\/kirche-hahn.de\/wordpress\/wp-content\/uploads\/2018\/01\/Fotofritzen-258.jpg?w=1720&amp;ssl=1 1720w, https:\/\/i0.wp.com\/kirche-hahn.de\/wordpress\/wp-content\/uploads\/2018\/01\/Fotofritzen-258.jpg?w=2580&amp;ssl=1 2580w\" sizes=\"auto, (max-width: 300px) 100vw, 300px\" \/><\/p>\n<p><img data-recalc-dims=\"1\" loading=\"lazy\" decoding=\"async\" class=\"wp-image-1239 size-medium alignleft\" src=\"https:\/\/i0.wp.com\/kirche-hahn.de\/wordpress\/wp-content\/uploads\/2018\/01\/Fotofritzen-55.jpg?resize=200%2C300&#038;ssl=1\" alt=\"\" width=\"200\" height=\"300\" srcset=\"https:\/\/i0.wp.com\/kirche-hahn.de\/wordpress\/wp-content\/uploads\/2018\/01\/Fotofritzen-55.jpg?resize=200%2C300&amp;ssl=1 200w, https:\/\/i0.wp.com\/kirche-hahn.de\/wordpress\/wp-content\/uploads\/2018\/01\/Fotofritzen-55.jpg?resize=768%2C1150&amp;ssl=1 768w, https:\/\/i0.wp.com\/kirche-hahn.de\/wordpress\/wp-content\/uploads\/2018\/01\/Fotofritzen-55.jpg?resize=684%2C1024&amp;ssl=1 684w, https:\/\/i0.wp.com\/kirche-hahn.de\/wordpress\/wp-content\/uploads\/2018\/01\/Fotofritzen-55.jpg?w=1720&amp;ssl=1 1720w, https:\/\/i0.wp.com\/kirche-hahn.de\/wordpress\/wp-content\/uploads\/2018\/01\/Fotofritzen-55.jpg?w=2580&amp;ssl=1 2580w\" sizes=\"auto, (max-width: 200px) 100vw, 200px\" \/><img data-recalc-dims=\"1\" loading=\"lazy\" decoding=\"async\" class=\"wp-image-1245 size-medium alignleft\" src=\"https:\/\/i0.wp.com\/kirche-hahn.de\/wordpress\/wp-content\/uploads\/2018\/01\/Fotofritzen-12.jpg?resize=200%2C300&#038;ssl=1\" alt=\"\" width=\"200\" height=\"300\" srcset=\"https:\/\/i0.wp.com\/kirche-hahn.de\/wordpress\/wp-content\/uploads\/2018\/01\/Fotofritzen-12.jpg?resize=200%2C300&amp;ssl=1 200w, https:\/\/i0.wp.com\/kirche-hahn.de\/wordpress\/wp-content\/uploads\/2018\/01\/Fotofritzen-12.jpg?resize=768%2C1150&amp;ssl=1 768w, https:\/\/i0.wp.com\/kirche-hahn.de\/wordpress\/wp-content\/uploads\/2018\/01\/Fotofritzen-12.jpg?resize=684%2C1024&amp;ssl=1 684w, https:\/\/i0.wp.com\/kirche-hahn.de\/wordpress\/wp-content\/uploads\/2018\/01\/Fotofritzen-12.jpg?w=1720&amp;ssl=1 1720w, https:\/\/i0.wp.com\/kirche-hahn.de\/wordpress\/wp-content\/uploads\/2018\/01\/Fotofritzen-12.jpg?w=2580&amp;ssl=1 2580w\" sizes=\"auto, (max-width: 200px) 100vw, 200px\" \/><\/p>\n","protected":false},"excerpt":{"rendered":"<p>Unsere KiTa bietet Platz f\u00fcr 66 Kinder \u00fcber drei Jahre und 10 Kinder im Krippenbereich. In 4 Gruppenr\u00e4umen, mehreren Funktionsr\u00e4umen und auf einem gro\u00dfen Freigel\u00e4nde k\u00f6nnen die Kinder spielen, sich austoben oder auch R\u00fcckzugsorte finden.<\/p>\n","protected":false},"author":5,"featured_media":0,"parent":0,"menu_order":0,"comment_status":"closed","ping_status":"closed","template":"","meta":{"footnotes":""},"class_list":["post-320","page","type-page","status-publish","hentry"],"jetpack_sharing_enabled":true,"_links":{"self":[{"href":"https:\/\/kirche-hahn.de\/wordpress\/wp-json\/wp\/v2\/pages\/320","targetHints":{"allow":["GET"]}}],"collection":[{"href":"https:\/\/kirche-hahn.de\/wordpress\/wp-json\/wp\/v2\/pages"}],"about":[{"href":"https:\/\/kirche-hahn.de\/wordpress\/wp-json\/wp\/v2\/types\/page"}],"author":[{"embeddable":true,"href":"https:\/\/kirche-hahn.de\/wordpress\/wp-json\/wp\/v2\/users\/5"}],"replies":[{"embeddable":true,"href":"https:\/\/kirche-hahn.de\/wordpress\/wp-json\/wp\/v2\/comments?post=320"}],"version-history":[{"count":11,"href":"https:\/\/kirche-hahn.de\/wordpress\/wp-json\/wp\/v2\/pages\/320\/revisions"}],"predecessor-version":[{"id":3707,"href":"https:\/\/kirche-hahn.de\/wordpress\/wp-json\/wp\/v2\/pages\/320\/revisions\/3707"}],"wp:attachment":[{"href":"https:\/\/kirche-hahn.de\/wordpress\/wp-json\/wp\/v2\/media?parent=320"}],"curies":[{"name":"wp","href":"https:\/\/api.w.org\/{rel}","templated":true}]}}