{"id":240,"date":"2017-06-03T00:08:01","date_gmt":"2017-06-02T22:08:01","guid":{"rendered":"http:\/\/kirche-hahn.de\/wordpress\/?page_id=240"},"modified":"2025-01-09T11:58:02","modified_gmt":"2025-01-09T10:58:02","slug":"der-besuchsdienstkreis","status":"publish","type":"page","link":"https:\/\/kirche-hahn.de\/wordpress\/der-besuchsdienstkreis\/","title":{"rendered":"Der Besuchsdienstkreis"},"content":{"rendered":"<blockquote>\n<h4>Aktuell k\u00f6nnen keine Besuche gemacht werden.<\/h4>\n<h4>Wer gerne ein Gespr\u00e4ch mit Pfarrerin Strack de Carrillo f\u00fchren m\u00f6chte, kann sich jederzeit melden:<\/h4>\n<p>telefonisch: 06157-2467 oder 0178 756 18 61<\/p>\n<p>&nbsp;<\/p>\n<p>per E-Mail: pfarrerinstrack@kirche-hahn.de<\/p>\n<p>&nbsp;<\/p><\/blockquote>\n<h4>Wir besuchen Sie<\/h4>\n<p>Der Besuchsdienstkreis besucht gerne die Geburtstagskinder ab 75 Jahre.<br \/>\nAber auch zu anderen Gemeindeglieder, die sich \u00fcber einen Besuch freuen, kommen wir gerne: \u00c4ltere, Kranke oder Menschen, die ein Gespr\u00e4ch brauchen, k\u00f6nnen sich gerne an die Mitglieder oder an Pfrin. Ute Strack de Carrillo\u00a0wenden oder im Pfarrb\u00fcro melden.<\/p>\n<p>2-3 Mal im Jahr gibt es ein gemeinsames Treffen, bei dem die Besuche verteilt werden und man sich \u00fcber die Arbeit austauschen kann.<\/p>\n<p>&nbsp;<\/p>\n<p>Dem Besuchsdienstkreis geh\u00f6ren an: Renate Bohrer-Aulenbacher, Petra Kraft, Iris Freitag-Reifert, Christel Chriske und Else Raab.<\/p>\n<p><strong>\u00dcber neue Mitglieder freuen wir uns! Melden Sie sich gerne bei einer der Teilnehmerinnen oder bei Pfarrerin Ute Strack, wenn Sie ab und zu einen Besuch machen k\u00f6nnen.<\/strong><\/p>\n","protected":false},"excerpt":{"rendered":"<p>Aktuell k\u00f6nnen keine Besuche gemacht werden. Wer gerne ein Gespr\u00e4ch mit Pfarrerin Strack de Carrillo f\u00fchren m\u00f6chte, kann sich jederzeit melden: telefonisch: 06157-2467 oder 0178 756 18 61 &nbsp; per E-Mail: pfarrerinstrack@kirche-hahn.de &nbsp; Wir besuchen Sie Der Besuchsdienstkreis besucht gerne die Geburtstagskinder ab 75 Jahre. Aber auch zu anderen Gemeindeglieder, die sich \u00fcber einen Besuch freuen, kommen wir gerne: \u00c4ltere,<\/p>\n","protected":false},"author":5,"featured_media":0,"parent":0,"menu_order":0,"comment_status":"closed","ping_status":"closed","template":"","meta":{"footnotes":""},"class_list":["post-240","page","type-page","status-publish","hentry"],"jetpack_sharing_enabled":true,"_links":{"self":[{"href":"https:\/\/kirche-hahn.de\/wordpress\/wp-json\/wp\/v2\/pages\/240","targetHints":{"allow":["GET"]}}],"collection":[{"href":"https:\/\/kirche-hahn.de\/wordpress\/wp-json\/wp\/v2\/pages"}],"about":[{"href":"https:\/\/kirche-hahn.de\/wordpress\/wp-json\/wp\/v2\/types\/page"}],"author":[{"embeddable":true,"href":"https:\/\/kirche-hahn.de\/wordpress\/wp-json\/wp\/v2\/users\/5"}],"replies":[{"embeddable":true,"href":"https:\/\/kirche-hahn.de\/wordpress\/wp-json\/wp\/v2\/comments?post=240"}],"version-history":[{"count":5,"href":"https:\/\/kirche-hahn.de\/wordpress\/wp-json\/wp\/v2\/pages\/240\/revisions"}],"predecessor-version":[{"id":5080,"href":"https:\/\/kirche-hahn.de\/wordpress\/wp-json\/wp\/v2\/pages\/240\/revisions\/5080"}],"wp:attachment":[{"href":"https:\/\/kirche-hahn.de\/wordpress\/wp-json\/wp\/v2\/media?parent=240"}],"curies":[{"name":"wp","href":"https:\/\/api.w.org\/{rel}","templated":true}]}}