{"id":234,"date":"2017-06-02T23:45:01","date_gmt":"2017-06-02T21:45:01","guid":{"rendered":"http:\/\/kirche-hahn.de\/wordpress\/?page_id=234"},"modified":"2026-03-12T10:08:07","modified_gmt":"2026-03-12T09:08:07","slug":"impressum","status":"publish","type":"page","link":"https:\/\/kirche-hahn.de\/wordpress\/impressum\/","title":{"rendered":"Kontakt"},"content":{"rendered":"<h3>Herausgeber dieser Internetseiten<\/h3>\n<p class=\"bodytext\"><span style=\"font-family: 'Arial',sans-serif;\">Kirchengemeinde Pfungstadt-Hahn<br \/>\nPfarrerin Ute Strack de Carrillo<br \/>\nObergasse 25<br \/>\n64319 Pfungstadt-Hahn<br \/>\nTelefon: 06157-2467<br \/>\nFax: 06157-86590<\/span><\/p>\n<h3>Pfarrerin<\/h3>\n<p><span style=\"font-family: 'Arial',sans-serif;\">Ute Strack de Carrillo<br \/>\nSprechstunden nach Vereinbarung, au\u00dfer montags<br \/>\nMobil: 0178 756 18 61<\/span><br \/>\nE-Mail: <a href=\"mailto:ute.strack@ekhn.de\">ute.strack@ekhn.de<\/a><\/p>\n<h3>Gemeindeb\u00fcro<\/h3>\n<p><span style=\"font-family: 'Arial',sans-serif;\">Gemeindesekret\u00e4rin: Andrea Kuhn<br \/>\nObergasse 25<br \/>\n64319 Pfungstadt-Hahn<br \/>\nTelefon: 06157-2467<br \/>\nTelefax: 06157-86590<br \/>\nE-Mail: <a href=\"mailto:Kirchengemeinde.Hahn@ekhn.de\">Kirchengemeinde.Hahn@ekhn.de<\/a><\/span><\/p>\n<p class=\"bodytext\"><span style=\"font-family: 'Arial',sans-serif;\">\u00d6ffnungszeiten:<br \/>\nDonnerstags: 15.00 &#8211; 17.00 Uhr<\/span><\/p>\n<h3>Gemeindezentrum<\/h3>\n<p class=\"bodytext\">Geschwister-Cr\u00f6ssmann-Weg 4<br \/>\n64319 Pfungstadt-Hahn<\/p>\n<h3>Kindertagesst\u00e4tte<\/h3>\n<p><span style=\"font-family: 'Arial',sans-serif;\">Leiterin: Susan Liebe<br \/>\nGeschwister-Cr\u00f6ssmann-Weg 2<br \/>\n64319 Pfungstadt-Hahn<br \/>\nTelefon: 061 57 &#8211; 54 39<br \/>\nE-Mail: kita.pfungstadt-hahn@ekhn.de<\/span><\/p>\n<h3>Jugendarbeit der Kirchengemeinden Hahn, Eschollbr\u00fccken\/Eich und Pfungstadt<\/h3>\n<p>Gemeindep\u00e4dagoge Kai Becker<br \/>\nE-Mail: <a href=\"mailto:gemeindepaedagogik@kirche-pfungstadt.de\">gemeindepaedagogik@kirche-pfungstadt.de<\/a><\/p>\n","protected":false},"excerpt":{"rendered":"<p>Herausgeber dieser Internetseiten Kirchengemeinde Pfungstadt-Hahn Pfarrerin Ute Strack de Carrillo Obergasse 25 64319 Pfungstadt-Hahn Telefon: 06157-2467 Fax: 06157-86590 Pfarrerin Ute Strack de Carrillo Sprechstunden nach Vereinbarung, au\u00dfer montags Mobil: 0178 756 18 61 E-Mail: ute.strack@ekhn.de Gemeindeb\u00fcro Gemeindesekret\u00e4rin: Andrea Kuhn Obergasse 25 64319 Pfungstadt-Hahn Telefon: 06157-2467 Telefax: 06157-86590 E-Mail: Kirchengemeinde.Hahn@ekhn.de \u00d6ffnungszeiten: Donnerstags: 15.00 &#8211; 17.00 Uhr Gemeindezentrum Geschwister-Cr\u00f6ssmann-Weg 4 64319 Pfungstadt-Hahn<\/p>\n","protected":false},"author":5,"featured_media":0,"parent":0,"menu_order":0,"comment_status":"closed","ping_status":"closed","template":"","meta":{"footnotes":""},"class_list":["post-234","page","type-page","status-publish","hentry"],"jetpack_sharing_enabled":true,"_links":{"self":[{"href":"https:\/\/kirche-hahn.de\/wordpress\/wp-json\/wp\/v2\/pages\/234","targetHints":{"allow":["GET"]}}],"collection":[{"href":"https:\/\/kirche-hahn.de\/wordpress\/wp-json\/wp\/v2\/pages"}],"about":[{"href":"https:\/\/kirche-hahn.de\/wordpress\/wp-json\/wp\/v2\/types\/page"}],"author":[{"embeddable":true,"href":"https:\/\/kirche-hahn.de\/wordpress\/wp-json\/wp\/v2\/users\/5"}],"replies":[{"embeddable":true,"href":"https:\/\/kirche-hahn.de\/wordpress\/wp-json\/wp\/v2\/comments?post=234"}],"version-history":[{"count":12,"href":"https:\/\/kirche-hahn.de\/wordpress\/wp-json\/wp\/v2\/pages\/234\/revisions"}],"predecessor-version":[{"id":5305,"href":"https:\/\/kirche-hahn.de\/wordpress\/wp-json\/wp\/v2\/pages\/234\/revisions\/5305"}],"wp:attachment":[{"href":"https:\/\/kirche-hahn.de\/wordpress\/wp-json\/wp\/v2\/media?parent=234"}],"curies":[{"name":"wp","href":"https:\/\/api.w.org\/{rel}","templated":true}]}}