{"id":214,"date":"2017-06-02T18:42:02","date_gmt":"2017-06-02T18:42:02","guid":{"rendered":"http:\/\/kirche-hahn.de\/wordpress\/?page_id=214"},"modified":"2026-05-12T17:19:38","modified_gmt":"2026-05-12T15:19:38","slug":"startseite","status":"publish","type":"page","link":"https:\/\/kirche-hahn.de\/wordpress\/","title":{"rendered":"Startseite"},"content":{"rendered":"<h3 style=\"text-align: left;\"><br \/><img data-recalc-dims=\"1\" loading=\"lazy\" decoding=\"async\" class=\"alignleft wp-image-916 size-medium\" src=\"https:\/\/i0.wp.com\/kirche-hahn.de\/wordpress\/wp-content\/uploads\/2017\/07\/044-Hahner-Kirche.jpg?resize=202%2C300&#038;ssl=1\" alt=\"\" width=\"202\" height=\"300\" srcset=\"https:\/\/i0.wp.com\/kirche-hahn.de\/wordpress\/wp-content\/uploads\/2017\/07\/044-Hahner-Kirche.jpg?resize=202%2C300&amp;ssl=1 202w, https:\/\/i0.wp.com\/kirche-hahn.de\/wordpress\/wp-content\/uploads\/2017\/07\/044-Hahner-Kirche.jpg?w=688&amp;ssl=1 688w\" sizes=\"auto, (max-width: 202px) 100vw, 202px\" \/><br \/><span style=\"color: #572381;\">Herzlich Willkommen auf der Homepage der Hahner Kirchengemeinde!<\/span><\/h3>\r\n<p><img data-recalc-dims=\"1\" loading=\"lazy\" decoding=\"async\" class=\"wp-image-504 size-thumbnail alignright\" src=\"https:\/\/i0.wp.com\/kirche-hahn.de\/wordpress\/wp-content\/uploads\/2017\/06\/lebensart_logo.jpg?resize=150%2C150&#038;ssl=1\" alt=\"\" width=\"150\" height=\"150\" srcset=\"https:\/\/i0.wp.com\/kirche-hahn.de\/wordpress\/wp-content\/uploads\/2017\/06\/lebensart_logo.jpg?resize=150%2C150&amp;ssl=1 150w, https:\/\/i0.wp.com\/kirche-hahn.de\/wordpress\/wp-content\/uploads\/2017\/06\/lebensart_logo.jpg?resize=300%2C300&amp;ssl=1 300w, https:\/\/i0.wp.com\/kirche-hahn.de\/wordpress\/wp-content\/uploads\/2017\/06\/lebensart_logo.jpg?resize=768%2C768&amp;ssl=1 768w, https:\/\/i0.wp.com\/kirche-hahn.de\/wordpress\/wp-content\/uploads\/2017\/06\/lebensart_logo.jpg?resize=1024%2C1024&amp;ssl=1 1024w, https:\/\/i0.wp.com\/kirche-hahn.de\/wordpress\/wp-content\/uploads\/2017\/06\/lebensart_logo.jpg?resize=90%2C90&amp;ssl=1 90w, https:\/\/i0.wp.com\/kirche-hahn.de\/wordpress\/wp-content\/uploads\/2017\/06\/lebensart_logo.jpg?resize=75%2C75&amp;ssl=1 75w, https:\/\/i0.wp.com\/kirche-hahn.de\/wordpress\/wp-content\/uploads\/2017\/06\/lebensart_logo.jpg?w=1535&amp;ssl=1 1535w\" sizes=\"auto, (max-width: 150px) 100vw, 150px\" \/><\/p>\r\n<p>Schauen Sie sich um, lernen Sie die Menschen und die Aktivit\u00e4ten der Gemeinde kennen oder finden Sie konkrete Informationen zu Veranstaltungen. Vielleicht haben Sie auch Lust, sich in der Gemeinde zu engagieren oder etwas Neues anzubieten?! Dann melden Sie sich. Und wenn etwas fehlt, dann teilen Sie uns das gerne mit!<\/p>\r\n<p>&nbsp;<\/p>\r\n<table style=\"width: 100%; border-collapse: collapse; border-style: none;\">\r\n<tbody>\r\n<tr>\r\n<td style=\"width: 50%; vertical-align: top;\">\r\n<p>&nbsp;<\/p>\r\n<\/td>\r\n<\/tr>\r\n<tr>\r\n<td style=\"width: 50%; vertical-align: top;\">\r\n<h3><span style=\"color: #572381;\">Offene Kirche<\/span><\/h3>\r\n<p>Die Hahner Kirche ist sonntags und mittwochs von 9.30 Uhr bis 19 Uhr ge\u00f6ffnet. An der Klagemauer k\u00f6nnen Gebete, Gedanken oder Steine abgelegt werden.<\/p>\r\n<p>Das Gebets- und G\u00e4stebuch liegt aus. Wer mag, kann einen Gedanken, ein Gebet oder eine Bitte hineinschreiben. Auch die Predigten vom Sonntags-Gottesdienst liegen dort zum Mitnehmen aus.<\/p>\r\n<\/td>\r\n<\/tr>\r\n<tr>\r\n<td style=\"width: 50%; vertical-align: top;\">\r\n<h3><span style=\"color: #572381;\">Hilfe f\u00fcr die Ukraine<\/span><\/h3>\r\n<h3>\u00a0<\/h3>\r\n<p>Wer f\u00fcr die Menschen in der Ukraine spenden m\u00f6chte, kann dies \u00fcber das Konto der Partnerschaft Deutschland-Ukraine\/Moldova e. V. tun. Die Bankverbindung finden Sie <strong><a href=\"https:\/\/kirche-hahn.de\/wordpress\/wp-content\/uploads\/2022\/02\/SharePic-Spendenaufruf-Ukraine2.png\" target=\"_blank\" rel=\"noopener noreferrer\">hier<\/a><\/strong>.<\/p>\r\n<p>Auch \u00fcber die Diakonie k\u00f6nnen Spenden gegeben werden:<\/p>\r\n<p><strong>Diakonie Katastrophenhilfe<\/strong><br \/>Evangelische Bank<br \/>IBAN: DE68 5206 0410 0000 5025 02<br \/>Stichwort Ukraine-Krise<\/p>\r\n<\/td>\r\n<\/tr>\r\n<\/tbody>\r\n<\/table>\r\n<p><!--more--><\/p>\r\n<h3 style=\"text-align: left;\">\u00a0<\/h3>\r\n<p>D<span style=\"color: #572381;\">ie Jahreslosung 2026<\/span><\/p>\r\n<h3 style=\"text-align: left;\"><img data-recalc-dims=\"1\" loading=\"lazy\" decoding=\"async\" class=\"alignnone wp-image-5263 size-large\" src=\"https:\/\/i0.wp.com\/kirche-hahn.de\/wordpress\/wp-content\/uploads\/2026\/01\/VaB_JL2026-720x300%402x.jpg?resize=860%2C359&#038;ssl=1\" alt=\"\" width=\"860\" height=\"359\" srcset=\"https:\/\/i0.wp.com\/kirche-hahn.de\/wordpress\/wp-content\/uploads\/2026\/01\/VaB_JL2026-720x300%402x.jpg?resize=1024%2C427&amp;ssl=1 1024w, https:\/\/i0.wp.com\/kirche-hahn.de\/wordpress\/wp-content\/uploads\/2026\/01\/VaB_JL2026-720x300%402x.jpg?resize=300%2C125&amp;ssl=1 300w, https:\/\/i0.wp.com\/kirche-hahn.de\/wordpress\/wp-content\/uploads\/2026\/01\/VaB_JL2026-720x300%402x.jpg?resize=768%2C320&amp;ssl=1 768w, https:\/\/i0.wp.com\/kirche-hahn.de\/wordpress\/wp-content\/uploads\/2026\/01\/VaB_JL2026-720x300%402x.jpg?w=1440&amp;ssl=1 1440w\" sizes=\"auto, (max-width: 860px) 100vw, 860px\" \/><\/h3>\r\n<p>&nbsp;<\/p>\r\n<p>&nbsp;<\/p>\r\n<p>&nbsp;<\/p>\r\n<p>&nbsp;<\/p>\r\n","protected":false},"excerpt":{"rendered":"<p>Herzlich Willkommen auf der Homepage der Hahner Kirchengemeinde! Schauen Sie sich um, lernen Sie die Menschen und die Aktivit\u00e4ten der Gemeinde kennen oder finden Sie konkrete Informationen zu Veranstaltungen. Vielleicht haben Sie auch Lust, sich in der Gemeinde zu engagieren oder etwas Neues anzubieten?! Dann melden Sie sich. Und wenn etwas fehlt, dann teilen Sie uns das gerne mit! &nbsp;<\/p>\n","protected":false},"author":5,"featured_media":0,"parent":0,"menu_order":0,"comment_status":"closed","ping_status":"closed","template":"","meta":{"footnotes":""},"class_list":["post-214","page","type-page","status-publish","hentry"],"jetpack_sharing_enabled":true,"_links":{"self":[{"href":"https:\/\/kirche-hahn.de\/wordpress\/wp-json\/wp\/v2\/pages\/214","targetHints":{"allow":["GET"]}}],"collection":[{"href":"https:\/\/kirche-hahn.de\/wordpress\/wp-json\/wp\/v2\/pages"}],"about":[{"href":"https:\/\/kirche-hahn.de\/wordpress\/wp-json\/wp\/v2\/types\/page"}],"author":[{"embeddable":true,"href":"https:\/\/kirche-hahn.de\/wordpress\/wp-json\/wp\/v2\/users\/5"}],"replies":[{"embeddable":true,"href":"https:\/\/kirche-hahn.de\/wordpress\/wp-json\/wp\/v2\/comments?post=214"}],"version-history":[{"count":554,"href":"https:\/\/kirche-hahn.de\/wordpress\/wp-json\/wp\/v2\/pages\/214\/revisions"}],"predecessor-version":[{"id":5335,"href":"https:\/\/kirche-hahn.de\/wordpress\/wp-json\/wp\/v2\/pages\/214\/revisions\/5335"}],"wp:attachment":[{"href":"https:\/\/kirche-hahn.de\/wordpress\/wp-json\/wp\/v2\/media?parent=214"}],"curies":[{"name":"wp","href":"https:\/\/api.w.org\/{rel}","templated":true}]}}